{"id":2,"date":"2010-07-28T00:49:12","date_gmt":"2010-07-28T07:49:12","guid":{"rendered":"http:\/?page_id=2"},"modified":"2024-10-24T17:00:30","modified_gmt":"2024-10-25T00:00:30","slug":"hakkimda","status":"publish","type":"page","link":"https:\/\/www.tolgasismanoglu.com\/blog\/hakkimda\/","title":{"rendered":"Kimdir?"},"content":{"rendered":"<p style=\"text-align: center;\"><img loading=\"lazy\" decoding=\"async\" class=\"aligncenter\" style=\"border: 0px none;\" title=\"Tolga_\u015ei\u015fmano\u011flu\" src=\"http:\/\/farm9.staticflickr.com\/8283\/7698065974_5bde48a4b9.jpg\" alt=\"\" width=\"660\" height=\"293\" border=\"0\" \/><\/p>\n<p><span style=\"font-weight: 400;\">1980 \u0130stanbul\u2019da do\u011fdu. Lisans ve y\u00fcksek lisans e\u011fitimlerini Marmara \u00dcniversitesi\u2019nde tamamlad\u0131. Uzun y\u0131llar <\/span><b>Do\u011fan Burda Dergi (H\u00fcrriyet)<\/b><span style=\"font-weight: 400;\"> grubunda; kreatif grup, pazarlama, sat\u0131\u015f, proje ve i\u015f geli\u015ftirme departmanlar\u0131nda <\/span><b>g\u00f6rsel y\u00f6netmen<\/b><span style=\"font-weight: 400;\"> olarak g\u00f6rev ald\u0131. <\/span><span style=\"font-weight: 400;\">E\u015f zamanl\u0131 olarak PCNet dergisinde 2.5 y\u0131l tasar\u0131m ve teknoloji konular\u0131nda makaleler yazd\u0131.<\/span><\/p>\n<p><span style=\"font-weight: 400;\">Daha sonra <\/span><b>\u00c7ukurova Medya Grubu\/Ak\u015fam Gazetesinde<\/b> <b>proje ve i\u015f geli\u015ftirme y\u00f6neticisi <\/b><span style=\"font-weight: 400;\">olarak \u00e7al\u0131\u015ft\u0131. Reklam-pazarlama departman\u0131nda dergi, gazete, radyo ve outdoor mecralar\u0131nda yarat\u0131c\u0131 reklam projeleri geli\u015ftirdi.<\/span><\/p>\n<p><span style=\"font-weight: 400;\">Kariyer s\u00fcrecine <\/span><b>Mynet\u2019te dijital reklam proje m\u00fcd\u00fcr\u00fc <\/b><span style=\"font-weight: 400;\">olarak devam etti. Dijital projeler, native i\u00e7erik ve internet reklamc\u0131l\u0131\u011f\u0131 alanlar\u0131nda g\u00f6rev yapt\u0131.<\/span><\/p>\n<p><span style=\"font-weight: 400;\">2016\u2019dan bu yana <\/span><b>Demir\u00f6ren Medya Grubu \/ Medyanet &#8211; Dijital Proje Direkt\u00f6r\u00fc<\/b><span style=\"font-weight: 400;\"> olarak \u00e7al\u0131\u015fma hayat\u0131na devam etmekte. <\/span><span style=\"font-weight: 400;\">H\u00fcrriyet, Milliyet, CNNTurk, KanalD, Mashable T\u00fcrkiye, IGN T\u00fcrkiye, Posta, Fanatik, GazeteVatan ve TV2 platformlar\u0131nda dijital proje s\u00fcre\u00e7lerini y\u00f6netiyor.<\/span><\/p>\n<p><span style=\"font-weight: 400;\">Ki\u015fisel blogu olan tolgasismanoglu.com\u2019da; dijital reklamc\u0131l\u0131k, teknoloji konular\u0131nda i\u00e7erikler \u00fcretmekte.<\/span><\/p>\n","protected":false},"excerpt":{"rendered":"<p>1980 \u0130stanbul\u2019da do\u011fdu. Lisans ve y\u00fcksek lisans e\u011fitimlerini Marmara \u00dcniversitesi\u2019nde tamamlad\u0131. Uzun y\u0131llar Do\u011fan Burda Dergi (H\u00fcrriyet) grubunda; kreatif grup, pazarlama, sat\u0131\u015f, proje ve i\u015f geli\u015ftirme departmanlar\u0131nda g\u00f6rsel y\u00f6netmen olarak g\u00f6rev ald\u0131. E\u015f zamanl\u0131 olarak PCNet dergisinde 2.5 y\u0131l tasar\u0131m ve teknoloji konular\u0131nda makaleler yazd\u0131. Daha sonra \u00c7ukurova Medya Grubu\/Ak\u015fam Gazetesinde proje ve i\u015f geli\u015ftirme [&hellip;]<\/p>\n","protected":false},"author":1,"featured_media":0,"parent":0,"menu_order":2,"comment_status":"closed","ping_status":"open","template":"","meta":{"om_disable_all_campaigns":false,"_monsterinsights_skip_tracking":false,"_monsterinsights_sitenote_active":false,"_monsterinsights_sitenote_note":"","_monsterinsights_sitenote_category":0,"two_page_speed":{"previous_score":{"desktop_score":96,"desktop_tti":"1.2\u00a0","mobile_score":82,"mobile_tti":"3.5\u00a0","date":"23.06.2023 06:11:19 am","status":"completed"},"current_score":{"desktop_score":91,"desktop_tti":"0.7\u00a0","mobile_score":92,"mobile_tti":"2.3\u00a0","date":"15.04.2024 11:57:29 am","status":"error_no_score"}},"footnotes":""},"class_list":["post-2","page","type-page","status-publish","hentry"],"aioseo_notices":[],"_links":{"self":[{"href":"https:\/\/www.tolgasismanoglu.com\/blog\/wp-json\/wp\/v2\/pages\/2","targetHints":{"allow":["GET"]}}],"collection":[{"href":"https:\/\/www.tolgasismanoglu.com\/blog\/wp-json\/wp\/v2\/pages"}],"about":[{"href":"https:\/\/www.tolgasismanoglu.com\/blog\/wp-json\/wp\/v2\/types\/page"}],"author":[{"embeddable":true,"href":"https:\/\/www.tolgasismanoglu.com\/blog\/wp-json\/wp\/v2\/users\/1"}],"replies":[{"embeddable":true,"href":"https:\/\/www.tolgasismanoglu.com\/blog\/wp-json\/wp\/v2\/comments?post=2"}],"version-history":[{"count":32,"href":"https:\/\/www.tolgasismanoglu.com\/blog\/wp-json\/wp\/v2\/pages\/2\/revisions"}],"predecessor-version":[{"id":3806,"href":"https:\/\/www.tolgasismanoglu.com\/blog\/wp-json\/wp\/v2\/pages\/2\/revisions\/3806"}],"wp:attachment":[{"href":"https:\/\/www.tolgasismanoglu.com\/blog\/wp-json\/wp\/v2\/media?parent=2"}],"curies":[{"name":"wp","href":"https:\/\/api.w.org\/{rel}","templated":true}]}}